{"id":40327,"date":"2021-12-25T20:51:04","date_gmt":"2021-12-25T18:51:04","guid":{"rendered":"https:\/\/claudiavargasodontologia.com\/?page_id=40327"},"modified":"2025-11-09T16:45:06","modified_gmt":"2025-11-09T15:45:06","slug":"clinics-2","status":"publish","type":"page","link":"https:\/\/claudiavargasodontologia.com\/en\/clinics-2\/","title":{"rendered":"Clinics"},"content":{"rendered":"<div class=\"wpb-content-wrapper\"><div class=\"vc_row wpb_row vc_row-fluid vc_custom_1640514344368\"><div class=\"wpb_column vc_column_container vc_col-sm-12\"><div class=\"vc_column-inner\"><div class=\"wpb_wrapper\"><div id=\"ultimate-heading-960169de1d3903e1c\" class=\"uvc-heading ult-adjust-bottom-margin ultimate-heading-960169de1d3903e1c uvc-6234 accent-border-color accent-title-color\" data-hspacer=\"line_only\"  data-halign=\"center\" style=\"text-align:center\"><div class=\"uvc-main-heading ult-responsive\"  data-ultimate-target='.uvc-heading.ultimate-heading-960169de1d3903e1c h3'  data-responsive-json-new='{\"font-size\":\"desktop:30px;\",\"line-height\":\"desktop:40px;\"}' ><h3 style=\"font-weight:normal;margin-top:22px;margin-bottom:15px;\">Cl\u00ednicas Dentales<\/h3><\/div><div class=\"uvc-heading-spacer line_only\" style=\"margin-top:11px;margin-bottom:11px;height:3px;\"><span class=\"uvc-headings-line\" style=\"border-style:solid;border-bottom-width:3px;border-color:;width:200px;\"><\/span><\/div><div class=\"uvc-sub-heading ult-responsive\"  data-ultimate-target='.uvc-heading.ultimate-heading-960169de1d3903e1c .uvc-sub-heading '  data-responsive-json-new='{\"font-size\":\"desktop:18px;\",\"line-height\":\"desktop:24px;\"}'  style=\"font-weight:normal;margin-top:11px;margin-bottom:11px;\">Nuestras Cl\u00ednicas Dentales est\u00e1n ubicadas en Marbella y en Ronda<\/div><\/div><\/div><\/div><\/div><\/div><div style=\"min-height: 33px\" class=\"vc_row wpb_row vc_row-fluid cta ctapeq wpb_animate_when_almost_visible wpb_bounceIn bounceIn vc_custom_1722365338070 vc_row-o-content-middle vc_row-flex\"><div class=\"wpb_column vc_column_container vc_col-sm-8\"><div class=\"vc_column-inner\"><div class=\"wpb_wrapper\"><div id=\"ultimate-heading-347569de1d3904a15\" class=\"uvc-heading ult-adjust-bottom-margin ultimate-heading-347569de1d3904a15 uvc-1219\" data-hspacer=\"no_spacer\"  data-halign=\"left\" style=\"text-align:left\"><div class=\"uvc-heading-spacer no_spacer\" style=\"top\"><\/div><div class=\"uvc-main-heading ult-responsive\"  data-ultimate-target='.uvc-heading.ultimate-heading-347569de1d3904a15 h2'  data-responsive-json-new='{\"font-size\":\"desktop:55px;\",\"line-height\":\"desktop:58px;\"}' ><h2 style=\"font-weight:bold;color:#ffffff;margin-top:10px;margin-bottom:20px;\">Save your smile!<\/h2><\/div><div class=\"uvc-sub-heading ult-responsive\"  data-ultimate-target='.uvc-heading.ultimate-heading-347569de1d3904a15 .uvc-sub-heading '  data-responsive-json-new='{\"font-size\":\"desktop:30px;\",\"line-height\":\"desktop:33px;\"}'  style=\"font-weight:normal;color:#ffffff;margin-top:10px;margin-bottom:10px;\">Make an appointment and get a new smile.<\/div><\/div><\/div><\/div><\/div><div class=\"wpb_column vc_column_container vc_col-sm-4\"><div class=\"vc_column-inner\"><div class=\"wpb_wrapper\"><div class=\"vc_row wpb_row vc_inner vc_row-fluid vc_custom_1722365159768\"><div class=\"wpb_column vc_column_container vc_col-sm-12\"><div class=\"vc_column-inner\"><div class=\"wpb_wrapper\"><div class=\"vc_btn3-container vc_btn3-right vc_custom_1722365202634\" ><a class=\"vc_general vc_btn3 vc_btn3-size-lg vc_btn3-shape-round vc_btn3-style-classic vc_btn3-icon-left vc_btn3-color-green\" href=\"https:\/\/wa.me\/34608756685?text=pedir%20cita\" title=\"WhatsApp\" target=\"_blank\" rel=\"noopener\"><i class=\"vc_btn3-icon fab fa-whatsapp\"><\/i> WhatsApp<\/a><\/div><\/div><\/div><\/div><\/div><div class=\"vc_row wpb_row vc_inner vc_row-fluid\"><div class=\"wpb_column vc_column_container vc_col-sm-12\"><div class=\"vc_column-inner\"><div class=\"wpb_wrapper\"><div class=\"vc_btn3-container vc_btn3-right\" ><a class=\"vc_general vc_btn3 vc_btn3-size-lg vc_btn3-shape-round vc_btn3-style-classic vc_btn3-icon-left vc_btn3-color-peacoc\" href=\"tel:+34608756685\" title=\"Call us\" target=\"_blank\"><i class=\"vc_btn3-icon fas fa-phone-alt\"><\/i> Call us<\/a><\/div><\/div><\/div><\/div><\/div><\/div><\/div><\/div><\/div><!-- Row Backgrounds --><div class=\"upb_color\" data-bg-override=\"0\" data-bg-color=\"#2fcfde\" data-fadeout=\"\" data-fadeout-percentage=\"30\" data-parallax-content=\"\" data-parallax-content-sense=\"30\" data-row-effect-mobile-disable=\"true\" data-img-parallax-mobile-disable=\"true\" data-rtl=\"false\"  data-custom-vc-row=\"\"  data-vc=\"8.7.2\"  data-is_old_vc=\"\"  data-theme-support=\"\"   data-overlay=\"false\" data-overlay-color=\"\" data-overlay-pattern=\"\" data-overlay-pattern-opacity=\"\" data-overlay-pattern-size=\"\"    ><\/div><div class=\"vc_row wpb_row vc_row-fluid vc_custom_1640514344368\"><div class=\"wpb_column vc_column_container vc_col-sm-12\"><div class=\"vc_column-inner\"><div class=\"wpb_wrapper\">\n\t<div  class=\"wpb_single_image wpb_content_element vc_align_left\">\n\t\t\n\t\t<figure class=\"wpb_wrapper vc_figure\">\n\t\t\t<div class=\"vc_single_image-wrapper   vc_box_border_grey\"><img loading=\"lazy\" decoding=\"async\" width=\"900\" height=\"569\" src=\"https:\/\/claudiavargasodontologia.com\/wp-content\/uploads\/2025\/03\/foto-08.jpg\" class=\"vc_single_image-img attachment-full\" alt=\"Marbella Dental Clinic\" title=\"photo-08\" srcset=\"https:\/\/claudiavargasodontologia.com\/wp-content\/uploads\/2025\/03\/foto-08.jpg 900w, https:\/\/claudiavargasodontologia.com\/wp-content\/uploads\/2025\/03\/foto-08-300x190.jpg 300w, https:\/\/claudiavargasodontologia.com\/wp-content\/uploads\/2025\/03\/foto-08-768x486.jpg 768w\" sizes=\"auto, (max-width: 900px) 100vw, 900px\"  data-dt-location=\"https:\/\/claudiavargasodontologia.com\/en\/clinics-2\/foto-08\/\" \/><\/div>\n\t\t<\/figure>\n\t<\/div>\n<div id=\"ultimate-heading-545469de1d39060fe\" class=\"uvc-heading ult-adjust-bottom-margin ultimate-heading-545469de1d39060fe uvc-5858 accent-border-color accent-title-color\" data-hspacer=\"line_only\"  data-halign=\"left\" style=\"text-align:left\"><div class=\"uvc-main-heading ult-responsive\"  data-ultimate-target='.uvc-heading.ultimate-heading-545469de1d39060fe h3'  data-responsive-json-new='{\"font-size\":\"desktop:30px;\",\"line-height\":\"desktop:40px;\"}' ><h3 style=\"font-weight:normal;margin-top:22px;margin-bottom:15px;\">Marbella Dental Clinic<\/h3><\/div><div class=\"uvc-heading-spacer line_only\" style=\"margin-top:11px;margin-bottom:11px;height:3px;\"><span class=\"uvc-headings-line\" style=\"border-style:solid;border-bottom-width:3px;border-color:;width:200px;\"><\/span><\/div><div class=\"uvc-sub-heading ult-responsive\"  data-ultimate-target='.uvc-heading.ultimate-heading-545469de1d39060fe .uvc-sub-heading '  data-responsive-json-new='{\"font-size\":\"desktop:18px;\",\"line-height\":\"desktop:24px;\"}'  style=\"font-weight:normal;margin-top:11px;margin-bottom:11px;\">Nuestra cl\u00ednica dental ubicada en <a href=\"https:\/\/www.google.com\/maps\/place\/Marbella,+M%C3%A1laga\/@36.5008304,-4.9350398,12z\/data=!3m1!4b1!4m5!3m4!1s0xd72d809904dabdf:0xe6c9db907b5ecab!8m2!3d36.510071!4d-4.8824474\" target=\"_blank\" rel=\"noopener\">Marbella<\/a> is one of which Dr. Claudia Vargas, who has a long history of offering the best quality services and the most innovative and successful dental treatments, is in charge.<\/p>\n<p>In addition, the clinic is equipped with an X-ray machine and all the necessary high-tech accessories and instruments to be able to carry out different types of treatments, such as restorations and extractions, in one place and without the need to resort to other practices.<\/div><\/div><div class=\"vc_btn3-container vc_btn3-right\" ><a class=\"vc_general vc_btn3 vc_btn3-size-md vc_btn3-shape-rounded vc_btn3-style-classic vc_btn3-color-primary\" href=\"https:\/\/claudiavargasodontologia.com\/en\/clinics-2\/dental-clinic-marbella\/\" title=\"Marbella Dental Clinic\">Marbella Dental Clinic<\/a><\/div><div class=\"vc_message_box vc_message_box-standard vc_message_box-rounded vc_color-info vc_custom_1641382772373\" ><div class=\"vc_message_box-icon\"><i class=\"fa fa-solid fa-circle-info\"><\/i><\/div><p>Por otro lado, la cl\u00ednica cuenta con c\u00f3modos sillones odontol\u00f3gicos dise\u00f1ados para tu confort, incluso durante tratamientos que requieren largas sesiones, convirtiendo nuestra cl\u00ednica dental de Marbella en el lugar ideal para recibir tratamiento dental.<\/p>\n<\/div><\/div><\/div><\/div><\/div><div class=\"vc_row wpb_row vc_row-fluid vc_custom_1640514113347\"><div class=\"wpb_column vc_column_container vc_col-sm-12\"><div class=\"vc_column-inner\"><div class=\"wpb_wrapper\">\n\t<div  class=\"wpb_single_image wpb_content_element vc_align_left\">\n\t\t\n\t\t<figure class=\"wpb_wrapper vc_figure\">\n\t\t\t<div class=\"vc_single_image-wrapper   vc_box_border_grey\"><img loading=\"lazy\" decoding=\"async\" width=\"1200\" height=\"630\" src=\"https:\/\/claudiavargasodontologia.com\/wp-content\/uploads\/2021\/11\/ronda.jpeg\" class=\"vc_single_image-img attachment-full\" alt=\"Ronda Dental Clinic\" title=\"Ronda Dental Clinic\" srcset=\"https:\/\/claudiavargasodontologia.com\/wp-content\/uploads\/2021\/11\/ronda.jpeg 1200w, https:\/\/claudiavargasodontologia.com\/wp-content\/uploads\/2021\/11\/ronda-300x158.jpeg 300w, https:\/\/claudiavargasodontologia.com\/wp-content\/uploads\/2021\/11\/ronda-1024x538.jpeg 1024w, https:\/\/claudiavargasodontologia.com\/wp-content\/uploads\/2021\/11\/ronda-768x403.jpeg 768w\" sizes=\"auto, (max-width: 1200px) 100vw, 1200px\"  data-dt-location=\"https:\/\/claudiavargasodontologia.com\/en\/clinica-dental-en-ronda\/\" \/><\/div>\n\t\t<\/figure>\n\t<\/div>\n<div id=\"ultimate-heading-37269de1d3906ae9\" class=\"uvc-heading ult-adjust-bottom-margin ultimate-heading-37269de1d3906ae9 uvc-8338 accent-border-color accent-title-color\" data-hspacer=\"line_only\"  data-halign=\"left\" style=\"text-align:left\"><div class=\"uvc-main-heading ult-responsive\"  data-ultimate-target='.uvc-heading.ultimate-heading-37269de1d3906ae9 h3'  data-responsive-json-new='{\"font-size\":\"desktop:30px;\",\"line-height\":\"desktop:40px;\"}' ><h3 style=\"font-weight:normal;margin-top:22px;margin-bottom:15px;\">Ronda Dental Clinic<\/h3><\/div><div class=\"uvc-heading-spacer line_only\" style=\"margin-top:11px;margin-bottom:11px;height:3px;\"><span class=\"uvc-headings-line\" style=\"border-style:solid;border-bottom-width:3px;border-color:;width:200px;\"><\/span><\/div><div class=\"uvc-sub-heading ult-responsive\"  data-ultimate-target='.uvc-heading.ultimate-heading-37269de1d3906ae9 .uvc-sub-heading '  data-responsive-json-new='{\"font-size\":\"desktop:18px;\",\"line-height\":\"desktop:24px;\"}'  style=\"font-weight:normal;margin-top:11px;margin-bottom:11px;\">Somos una cl\u00ednica dental enfocada en mejorar la salud bucal de todos nuestros pacientes y ayudarlos a solucionar sus problemas dentales \u00f3ptima y eficazmente. En nuestra cl\u00ednica dental en <a href=\"https:\/\/www.google.com\/maps\/place\/29400+Ronda,+M%C3%A1laga\/@36.7406336,-5.1756688,14z\/data=!3m1!4b1!4m5!3m4!1s0xd0d3143e258a279:0x94358021349a5ba2!8m2!3d36.746209!4d-5.1612251\" target=\"_blank\" rel=\"noopener\">Round<\/a> we offer high quality dental services from the hand of Dr. Claudia Vargas. Here, you can find a wide range of dental specialties to cover all your needs, regardless of the complexity of the case.<\/div><\/div><div class=\"vc_btn3-container vc_btn3-right\" ><a class=\"vc_general vc_btn3 vc_btn3-size-md vc_btn3-shape-rounded vc_btn3-style-classic vc_btn3-color-primary\" href=\"https:\/\/claudiavargasodontologia.com\/en\/clinics-2\/dental-clinic-ronda-2\/\" title=\"Ronda Dental Clinic\">Ronda Dental Clinic<\/a><\/div><div class=\"vc_message_box vc_message_box-standard vc_message_box-rounded vc_color-info vc_custom_1641382781208\" ><div class=\"vc_message_box-icon\"><i class=\"fa fa-solid fa-circle-info\"><\/i><\/div><p>Likewise, we have modern facilities and dental chairs to ensure the comfort of each patient. At the same time, our staff is characterised by their friendly treatment and their willingness to answer any questions you may have.<\/p>\n<\/div><\/div><\/div><\/div><\/div><div class=\"vc_row wpb_row vc_row-fluid dt-default\" style=\"margin-top: 33px;margin-bottom: 33px\"><div class=\"wpb_column vc_column_container vc_col-sm-12\"><div class=\"vc_column-inner\"><div class=\"wpb_wrapper\"><section class=\"vc_cta3-container\"><div class=\"vc_general vc_do_cta3 vc_cta3 call vc_cta3-style-classic vc_cta3-shape-rounded vc_cta3-align-left vc_cta3-color-white vc_cta3-icon-size-md vc_cta3-icons-left vc_cta3-actions-right  wpb_animate_when_almost_visible wpb_fadeInUp fadeInUp vc_custom_1589455100057\"><div class=\"vc_cta3-icons\"><div class=\"vc_icon_element vc_icon_element-outer vc_do_icon vc_icon_element-align-left\"><div class=\"vc_icon_element-inner vc_icon_element-color-white vc_icon_element-size-md vc_icon_element-style- vc_icon_element-background-color-grey\" ><span class=\"vc_icon_element-icon fas fa-pen-alt\" ><\/span><\/div><\/div><\/div><div class=\"vc_cta3_content-container\"><div class=\"vc_cta3-content\"><header class=\"vc_cta3-content-header\"><h2>Make an appointment<\/h2><h4>for Marbella or Ronda<\/h4><\/header><\/div><div class=\"vc_cta3-actions\"><div class=\"vc_btn3-container vc_btn3-right\" ><a class=\"vc_general vc_btn3 vc_btn3-size-sm vc_btn3-shape-round vc_btn3-style-outline vc_btn3-block vc_btn3-icon-right vc_btn3-color-white\" href=\"https:\/\/claudiavargasodontologia.com\/en\/contact-2\/\" title=\"Contact\">Here <i class=\"vc_btn3-icon fas fa-angle-right\"><\/i><\/a><\/div><\/div><\/div><\/div><\/section><\/div><\/div><\/div><\/div><div class=\"vc_row wpb_row vc_row-fluid dt-default\" style=\"margin-top: 0px;margin-bottom: 0px\"><div class=\"wpb_column vc_column_container vc_col-sm-12\"><div class=\"vc_column-inner\"><div class=\"wpb_wrapper\"><div class=\"vc_message_box vc_message_box-standard vc_message_box-rounded vc_color-info vc_custom_1641382880229\" ><div class=\"vc_message_box-icon\"><i class=\"fa fa-solid fa-circle-info\"><\/i><\/div><p>P\u00f3ngase en <a href=\"https:\/\/claudiavargasodontologia.com\/en\/contact-2\/\">contact<\/a> con nosotros para cualquier tipo de consulta o duda que pueda tener, en el menor tiempo posible le contestaremos.<\/p>\n<\/div><\/div><\/div><\/div><\/div>\n<\/div>","protected":false},"excerpt":{"rendered":"<p>Cl\u00ednicas Dentales: Encuentra la mejor atenci\u00f3n para tu salud bucal en nuestras cl\u00ednicas especializadas. Expertos en odontolog\u00eda para cuidar de tu sonrisa. \u00a1Agenda tu cita hoy!<\/p>","protected":false},"author":1,"featured_media":0,"parent":0,"menu_order":0,"comment_status":"closed","ping_status":"closed","template":"","meta":{"_joinchat":[],"footnotes":""},"class_list":["post-40327","page","type-page","status-publish","hentry","description-off"],"_links":{"self":[{"href":"https:\/\/claudiavargasodontologia.com\/en\/wp-json\/wp\/v2\/pages\/40327","targetHints":{"allow":["GET"]}}],"collection":[{"href":"https:\/\/claudiavargasodontologia.com\/en\/wp-json\/wp\/v2\/pages"}],"about":[{"href":"https:\/\/claudiavargasodontologia.com\/en\/wp-json\/wp\/v2\/types\/page"}],"author":[{"embeddable":true,"href":"https:\/\/claudiavargasodontologia.com\/en\/wp-json\/wp\/v2\/users\/1"}],"replies":[{"embeddable":true,"href":"https:\/\/claudiavargasodontologia.com\/en\/wp-json\/wp\/v2\/comments?post=40327"}],"version-history":[{"count":0,"href":"https:\/\/claudiavargasodontologia.com\/en\/wp-json\/wp\/v2\/pages\/40327\/revisions"}],"wp:attachment":[{"href":"https:\/\/claudiavargasodontologia.com\/en\/wp-json\/wp\/v2\/media?parent=40327"}],"curies":[{"name":"wp","href":"https:\/\/api.w.org\/{rel}","templated":true}]}}