{"id":41359,"date":"2023-09-06T08:42:11","date_gmt":"2023-09-06T07:42:11","guid":{"rendered":"https:\/\/claudiavargasodontologia.com\/?page_id=41359"},"modified":"2024-07-30T19:51:58","modified_gmt":"2024-07-30T18:51:58","slug":"aesthetic-dentistry","status":"publish","type":"page","link":"https:\/\/claudiavargasodontologia.com\/en\/services-2\/aesthetic-dentistry\/","title":{"rendered":"Aesthetic Dentistry"},"content":{"rendered":"<div class=\"wpb-content-wrapper\"><div class=\"vc_row wpb_row vc_row-fluid\"><div class=\"wpb_column vc_column_container vc_col-sm-12\"><div class=\"vc_column-inner vc_custom_1589451976061\"><div class=\"wpb_wrapper\">\n\t<div class=\"wpb_text_column wpb_content_element  textoprincipal\" >\n\t\t<div class=\"wpb_wrapper\">\n\t\t\t<h2 class=\"accent-border-color accent-title-color sice-title\">Main Benefits of Cosmetic Dentistry<\/h2>\n<h3>In cosmetic dentistry, your smile is a reflection of health and beauty in harmony.<\/h3>\n<p>Cosmetic Dentistry goes beyond simple dental corrections. It focuses on enhancing the intrinsic beauty of each smile, ensuring that any imperfections are treated with precision and artistry. This discipline combines advanced techniques with a personalised approach.<\/p>\n<p>The work of an expert in this area ensures that every detail, from a small blemish to a misalignment. The end result is a smile that not only looks beautiful, but also generates greater self-confidence.<\/p>\n<p>At our clinic, we pride ourselves on offering state-of-the-art aesthetic treatments. Each procedure is designed to improve the appearance of your teeth, but without losing their essence and naturalness. Your satisfaction and well-being are our top priority.<\/p>\n\n\t\t<\/div>\n\t<\/div>\n<\/div><\/div><\/div><\/div><div class=\"vc_row wpb_row vc_row-fluid vc_custom_1694085952791 vc_row-o-equal-height vc_row-o-content-top vc_row-flex\"><div class=\"wpb_column vc_column_container vc_col-sm-12\"><div class=\"vc_column-inner\"><div class=\"wpb_wrapper\"><div class=\"vc_separator wpb_content_element vc_separator_align_center vc_sep_width_100 vc_sep_border_width_3 vc_sep_pos_align_center vc_separator_no_text vc_custom_1637924410083 wpb_content_element  vc_custom_1637924410083 wpb_content_element\" ><span class=\"vc_sep_holder vc_sep_holder_l\"><span style=\"border-color:#2fcfde;\" class=\"vc_sep_line\"><\/span><\/span><span class=\"vc_sep_holder vc_sep_holder_r\"><span style=\"border-color:#2fcfde;\" class=\"vc_sep_line\"><\/span><\/span>\n<\/div><\/div><\/div><\/div><div class=\"wpb_column vc_column_container vc_col-sm-4\"><div class=\"vc_column-inner\"><div class=\"wpb_wrapper\">\n\t<div  class=\"wpb_single_image wpb_content_element vc_align_center  vc_custom_1694087361988\">\n\t\t\n\t\t<figure class=\"wpb_wrapper vc_figure\">\n\t\t\t<div class=\"vc_single_image-wrapper vc_box_shadow_3d  vc_box_border_grey\"><img decoding=\"async\" class=\"vc_single_image-img\" src=\"https:\/\/claudiavargasodontologia.com\/wp-content\/uploads\/2020\/05\/odontologia-estetica-02-250x250.jpg\" width=\"250\" height=\"250\" alt=\"Aesthetic Dentistry\" title=\"Aesthetic Dentistry\" loading=\"lazy\"  data-dt-location=\"https:\/\/claudiavargasodontologia.com\/en\/odontologia-estetica-02\/\" \/><\/div>\n\t\t<\/figure>\n\t<\/div>\n<\/div><\/div><\/div><div class=\"wpb_column vc_column_container vc_col-sm-8\"><div class=\"vc_column-inner\"><div class=\"wpb_wrapper\">\n\t<div class=\"wpb_text_column wpb_content_element  textoprincipal\" >\n\t\t<div class=\"wpb_wrapper\">\n\t\t\t<h2 class=\"accent-border-color accent-title-color sice-title\">How do you know which is the best alternative?<\/h2>\n<p><strong>Our Doctor carries out a comprehensive personalised study, using dental impressions, radiographic and photographic examinations if necessary.<\/strong><\/p>\n<p>All this in order to identify the most suitable treatment for you.<\/p>\n<p>Nowadays, aesthetic treatments can make both small changes, such as a slight lightening of the colour of the teeth, and more noticeable changes, in which the shape, size and position of the teeth are altered.<\/p>\n\n\t\t<\/div>\n\t<\/div>\n<\/div><\/div><\/div><\/div><div class=\"vc_row wpb_row vc_row-fluid vc_custom_1694085959556 vc_row-o-equal-height vc_row-o-content-top vc_row-flex\"><div class=\"wpb_column vc_column_container vc_col-sm-12\"><div class=\"vc_column-inner\"><div class=\"wpb_wrapper\"><div class=\"vc_separator wpb_content_element vc_separator_align_center vc_sep_width_100 vc_sep_border_width_3 vc_sep_pos_align_center vc_separator_no_text vc_custom_1637924410083 wpb_content_element  vc_custom_1637924410083 wpb_content_element\" ><span class=\"vc_sep_holder vc_sep_holder_l\"><span style=\"border-color:#2fcfde;\" class=\"vc_sep_line\"><\/span><\/span><span class=\"vc_sep_holder vc_sep_holder_r\"><span style=\"border-color:#2fcfde;\" class=\"vc_sep_line\"><\/span><\/span>\n<\/div><\/div><\/div><\/div><div class=\"wpb_column vc_column_container vc_col-sm-4\"><div class=\"vc_column-inner\"><div class=\"wpb_wrapper\">\n\t<div  class=\"wpb_single_image wpb_content_element vc_align_center  vc_custom_1694087448143\">\n\t\t\n\t\t<figure class=\"wpb_wrapper vc_figure\">\n\t\t\t<div class=\"vc_single_image-wrapper vc_box_shadow_3d  vc_box_border_grey\"><img decoding=\"async\" class=\"vc_single_image-img\" src=\"https:\/\/claudiavargasodontologia.com\/wp-content\/uploads\/2020\/05\/blanqueamiento02-250x250.jpg\" width=\"250\" height=\"250\" alt=\"Tooth Whitening\" title=\"Aesthetic Dentistry\" loading=\"lazy\"  data-dt-location=\"https:\/\/claudiavargasodontologia.com\/en\/blanqueamiento02\/\" \/><\/div>\n\t\t<\/figure>\n\t<\/div>\n<\/div><\/div><\/div><div class=\"wpb_column vc_column_container vc_col-sm-8\"><div class=\"vc_column-inner\"><div class=\"wpb_wrapper\">\n\t<div class=\"wpb_text_column wpb_content_element  textoprincipal\" >\n\t\t<div class=\"wpb_wrapper\">\n\t\t\t<h2 class=\"accent-border-color accent-title-color sice-title\">Whitening<\/h2>\n<p><strong>The <a class=\"wpil_keyword_link\" title=\"tooth whitening\" href=\"https:\/\/claudiavargasodontologia.com\/en\/services-2\/tooth-whitening-2\/\" data-wpil-keyword-link=\"linked\">tooth whitening<\/a> is a simple procedure that lightens the colour of the teeth.<\/strong><\/p>\n<p>To achieve the colour change, hydrogen peroxide or carbamide peroxide is used.<\/p>\n<p>These substances interact and remove stains and pigments found in the deeper layers of the tooth.<\/p>\n\n\t\t<\/div>\n\t<\/div>\n<\/div><\/div><\/div><div class=\"wpb_column vc_column_container vc_col-sm-12\"><div class=\"vc_column-inner vc_custom_1637922502949\"><div class=\"wpb_wrapper\">\n\t<div class=\"wpb_text_column wpb_content_element  justify\" >\n\t\t<div class=\"wpb_wrapper\">\n\t\t\t<p>On the other hand, tooth whitening usually produces transient hypersensitivity, which means that the patient may experience mild discomfort when consuming cold and\/or hot food or drinks.<\/p>\n<p>However, in our clinic we use the only tooth whitening system that has nano hydroxyapatite, which promotes tooth remineralisation during whitening and reduces hypersensitivity.<\/p>\n\n\t\t<\/div>\n\t<\/div>\n<\/div><\/div><\/div><\/div><div class=\"vc_row wpb_row vc_row-fluid vc_custom_1694085970982 vc_row-o-equal-height vc_row-o-content-top vc_row-flex\"><div class=\"wpb_column vc_column_container vc_col-sm-12\"><div class=\"vc_column-inner\"><div class=\"wpb_wrapper\"><div class=\"vc_separator wpb_content_element vc_separator_align_center vc_sep_width_100 vc_sep_border_width_3 vc_sep_pos_align_center vc_separator_no_text vc_custom_1637924410083 wpb_content_element  vc_custom_1637924410083 wpb_content_element\" ><span class=\"vc_sep_holder vc_sep_holder_l\"><span style=\"border-color:#2fcfde;\" class=\"vc_sep_line\"><\/span><\/span><span class=\"vc_sep_holder vc_sep_holder_r\"><span style=\"border-color:#2fcfde;\" class=\"vc_sep_line\"><\/span><\/span>\n<\/div><\/div><\/div><\/div><div class=\"wpb_column vc_column_container vc_col-sm-4\"><div class=\"vc_column-inner\"><div class=\"wpb_wrapper\">\n\t<div  class=\"wpb_single_image wpb_content_element vc_align_center  vc_custom_1694087456641\">\n\t\t\n\t\t<figure class=\"wpb_wrapper vc_figure\">\n\t\t\t<div class=\"vc_single_image-wrapper vc_box_shadow_3d  vc_box_border_grey\"><img decoding=\"async\" class=\"vc_single_image-img\" src=\"https:\/\/claudiavargasodontologia.com\/wp-content\/uploads\/2020\/05\/Carillas1-250x250.jpg\" width=\"250\" height=\"250\" alt=\"Aesthetic Dentistry\" title=\"Aesthetic Dentistry\" loading=\"lazy\"  data-dt-location=\"https:\/\/claudiavargasodontologia.com\/en\/carillas1\/\" \/><\/div>\n\t\t<\/figure>\n\t<\/div>\n<\/div><\/div><\/div><div class=\"wpb_column vc_column_container vc_col-sm-8\"><div class=\"vc_column-inner\"><div class=\"wpb_wrapper\">\n\t<div class=\"wpb_text_column wpb_content_element  textoprincipal\" >\n\t\t<div class=\"wpb_wrapper\">\n\t\t\t<h2 class=\"accent-border-color accent-title-color sice-title\">Veneers<\/h2>\n<p><strong>Dental veneers are one of the most popular and effective cosmetic procedures in aesthetic or cosmetic dentistry.<\/strong><\/p>\n<p>They are micrometric prostheses made of a thin layer of restorative material, which are bonded to the surface of the teeth to change their shape and colour.<\/p>\n<p>Veneers can be made of dental composite or ceramic, depending on the patient's needs.<\/p>\n\n\t\t<\/div>\n\t<\/div>\n<\/div><\/div><\/div><div class=\"wpb_column vc_column_container vc_col-sm-12\"><div class=\"vc_column-inner vc_custom_1637922649886\"><div class=\"wpb_wrapper\">\n\t<div class=\"wpb_text_column wpb_content_element  justify\" >\n\t\t<div class=\"wpb_wrapper\">\n\t\t\t<p>To make them, the dentist takes impressions or intraoral scans, and makes the design taking into account both the details of the teeth and the patient's face. This ensures that the result is harmonious in shape and colour.<\/p>\n<p>Once the veneers are ready, the dentist cements them onto your teeth, giving you the new smile you've been looking for.<\/p>\n\n\t\t<\/div>\n\t<\/div>\n<\/div><\/div><\/div><\/div><div style=\"min-height: 33px\" class=\"vc_row wpb_row vc_row-fluid cta ctapeq wpb_animate_when_almost_visible wpb_bounceIn bounceIn vc_custom_1722365338070 vc_row-o-content-middle vc_row-flex\"><div class=\"wpb_column vc_column_container vc_col-sm-8\"><div class=\"vc_column-inner\"><div class=\"wpb_wrapper\"><div id=\"ultimate-heading-50369de4c3c80034\" class=\"uvc-heading ult-adjust-bottom-margin ultimate-heading-50369de4c3c80034 uvc-8831\" data-hspacer=\"no_spacer\"  data-halign=\"left\" style=\"text-align:left\"><div class=\"uvc-heading-spacer no_spacer\" style=\"top\"><\/div><div class=\"uvc-main-heading ult-responsive\"  data-ultimate-target='.uvc-heading.ultimate-heading-50369de4c3c80034 h2'  data-responsive-json-new='{\"font-size\":\"desktop:55px;\",\"line-height\":\"desktop:58px;\"}' ><h2 style=\"font-weight:bold;color:#ffffff;margin-top:10px;margin-bottom:20px;\">Save your smile!<\/h2><\/div><div class=\"uvc-sub-heading ult-responsive\"  data-ultimate-target='.uvc-heading.ultimate-heading-50369de4c3c80034 .uvc-sub-heading '  data-responsive-json-new='{\"font-size\":\"desktop:30px;\",\"line-height\":\"desktop:33px;\"}'  style=\"font-weight:normal;color:#ffffff;margin-top:10px;margin-bottom:10px;\">Make an appointment and get a new smile.<\/div><\/div><\/div><\/div><\/div><div class=\"wpb_column vc_column_container vc_col-sm-4\"><div class=\"vc_column-inner\"><div class=\"wpb_wrapper\"><div class=\"vc_row wpb_row vc_inner vc_row-fluid vc_custom_1722365159768\"><div class=\"wpb_column vc_column_container vc_col-sm-12\"><div class=\"vc_column-inner\"><div class=\"wpb_wrapper\"><div class=\"vc_btn3-container vc_btn3-right vc_custom_1722365202634\" ><a class=\"vc_general vc_btn3 vc_btn3-size-lg vc_btn3-shape-round vc_btn3-style-classic vc_btn3-icon-left vc_btn3-color-green\" href=\"https:\/\/wa.me\/34608756685?text=pedir%20cita\" title=\"WhatsApp\" target=\"_blank\" rel=\"noopener\"><i class=\"vc_btn3-icon fab fa-whatsapp\"><\/i> WhatsApp<\/a><\/div><\/div><\/div><\/div><\/div><div class=\"vc_row wpb_row vc_inner vc_row-fluid\"><div class=\"wpb_column vc_column_container vc_col-sm-12\"><div class=\"vc_column-inner\"><div class=\"wpb_wrapper\"><div class=\"vc_btn3-container vc_btn3-right\" ><a class=\"vc_general vc_btn3 vc_btn3-size-lg vc_btn3-shape-round vc_btn3-style-classic vc_btn3-icon-left vc_btn3-color-peacoc\" href=\"tel:+34608756685\" title=\"Call us\" target=\"_blank\"><i class=\"vc_btn3-icon fas fa-phone-alt\"><\/i> Call us<\/a><\/div><\/div><\/div><\/div><\/div><\/div><\/div><\/div><\/div><!-- Row Backgrounds --><div class=\"upb_color\" data-bg-override=\"0\" data-bg-color=\"#2fcfde\" data-fadeout=\"\" data-fadeout-percentage=\"30\" data-parallax-content=\"\" data-parallax-content-sense=\"30\" data-row-effect-mobile-disable=\"true\" data-img-parallax-mobile-disable=\"true\" data-rtl=\"false\"  data-custom-vc-row=\"\"  data-vc=\"8.7.2\"  data-is_old_vc=\"\"  data-theme-support=\"\"   data-overlay=\"false\" data-overlay-color=\"\" data-overlay-pattern=\"\" data-overlay-pattern-opacity=\"\" data-overlay-pattern-size=\"\"    ><\/div><div class=\"vc_row wpb_row vc_row-fluid dt-default\" style=\"margin-top: 0px;margin-bottom: 0px\"><div class=\"wpb_column vc_column_container vc_col-sm-4\"><div class=\"vc_column-inner\"><div class=\"wpb_wrapper\">\n\t<div  class=\"wpb_single_image wpb_content_element vc_align_center\">\n\t\t\n\t\t<figure class=\"wpb_wrapper vc_figure\">\n\t\t\t<div class=\"vc_single_image-wrapper vc_box_border_circle  vc_box_border_grey\"><img decoding=\"async\" class=\"vc_single_image-img\" src=\"https:\/\/claudiavargasodontologia.com\/wp-content\/uploads\/2020\/05\/protesis-fija-235x235.jpg\" width=\"235\" height=\"235\" alt=\"Aesthetic Dentistry\" title=\"Aesthetic Dentistry\" loading=\"lazy\"  data-dt-location=\"https:\/\/claudiavargasodontologia.com\/en\/protesis-fija\/\" \/><\/div>\n\t\t<\/figure>\n\t<\/div>\n\n\t<div class=\"wpb_text_column wpb_content_element  textoprincipal\" >\n\t\t<div class=\"wpb_wrapper\">\n\t\t\t<h3>Fixed prosthesis - Aesthetic Dentistry<\/h3>\n<p><strong>We carry out restorations with crowns and bridges. These are prostheses that are cemented onto teeth with extensive lesions.<\/strong><\/p>\n<p>Like veneers, they can modify the shape of your teeth to achieve more harmonious aesthetic results.<\/p>\n<p>We work with Zirconium crowns, a porcelain that has excellent optical properties and reflects light in a similar way to dental enamel, making the difference between the two imperceptible.<\/p>\n\n\t\t<\/div>\n\t<\/div>\n<\/div><\/div><\/div><div class=\"wpb_column vc_column_container vc_col-sm-4\"><div class=\"vc_column-inner\"><div class=\"wpb_wrapper\">\n\t<div  class=\"wpb_single_image wpb_content_element vc_align_center\">\n\t\t\n\t\t<figure class=\"wpb_wrapper vc_figure\">\n\t\t\t<div class=\"vc_single_image-wrapper vc_box_border_circle  vc_box_border_grey\"><img decoding=\"async\" class=\"vc_single_image-img\" src=\"https:\/\/claudiavargasodontologia.com\/wp-content\/uploads\/2020\/05\/protesis-removibles-235x235.jpg\" width=\"235\" height=\"235\" alt=\"Aesthetic Dentistry\" title=\"Aesthetic Dentistry\" loading=\"lazy\"  data-dt-location=\"https:\/\/claudiavargasodontologia.com\/en\/protesis-removibles\/\" \/><\/div>\n\t\t<\/figure>\n\t<\/div>\n\n\t<div class=\"wpb_text_column wpb_content_element  textoprincipal\" >\n\t\t<div class=\"wpb_wrapper\">\n\t\t\t<h3>Removable dentures - Aesthetic Dentistry<\/h3>\n<p><strong>For cases of extensive tooth loss, removable dentures are available.<\/strong><\/p>\n<p>This type of denture is made of acrylic, although depending on the case it may require a base structure made of metal.<\/p>\n<p>Not only do they restore the aesthetics of the smile, they also restore chewing function and prevent bone loss due to missing teeth.<\/p>\n\n\t\t<\/div>\n\t<\/div>\n<\/div><\/div><\/div><div class=\"wpb_column vc_column_container vc_col-sm-4\"><div class=\"vc_column-inner\"><div class=\"wpb_wrapper\">\n\t<div  class=\"wpb_single_image wpb_content_element vc_align_center\">\n\t\t\n\t\t<figure class=\"wpb_wrapper vc_figure\">\n\t\t\t<div class=\"vc_single_image-wrapper vc_box_border_circle  vc_box_border_grey\"><img decoding=\"async\" class=\"vc_single_image-img\" src=\"https:\/\/claudiavargasodontologia.com\/wp-content\/uploads\/2020\/05\/implantes-dentales-1-235x235.jpg\" width=\"235\" height=\"235\" alt=\"Aesthetic Dentistry\" title=\"Aesthetic Dentistry\" loading=\"lazy\"  data-dt-location=\"https:\/\/claudiavargasodontologia.com\/en\/dental-implants-2\/\" \/><\/div>\n\t\t<\/figure>\n\t<\/div>\n\n\t<div class=\"wpb_text_column wpb_content_element  textoprincipal\" >\n\t\t<div class=\"wpb_wrapper\">\n\t\t\t<h3>Dental implants - Aesthetic Dentistry<\/h3>\n<p><strong>They are the preferred choice for replacing missing teeth. The result of implant treatment is a restoration that will feel and act just like having a natural tooth in your mouth.<\/strong><\/p>\n<p>The <a class=\"wpil_keyword_link\" title=\"dental implants\" href=\"https:\/\/claudiavargasodontologia.com\/en\/services-2\/dental-implants-2\/\" data-wpil-keyword-link=\"linked\">dental implants<\/a> are made of titanium, which is a biocompatible material that increases the success rate to 98%, minimising the likelihood of rejection.<\/p>\n<p>The dental implants are made of titanium, which is a biocompatible material that increases the success rate to 98%, minimising the likelihood of rejection.<\/p>\n\n\t\t<\/div>\n\t<\/div>\n<\/div><\/div><\/div><\/div><div class=\"vc_row wpb_row vc_row-fluid vc_custom_1637923363836\"><div class=\"wpb_column vc_column_container vc_col-sm-12\"><div class=\"vc_column-inner\"><div class=\"wpb_wrapper\">\n\t<div class=\"wpb_text_column wpb_content_element  justify\" >\n\t\t<div class=\"wpb_wrapper\">\n\t\t\t<p>Bring your smile to life and boost your confidence. Contact us at our clinics, and we'll make sure you get the look you deserve with the <strong>cosmetic dentistry<\/strong>.<\/p>\n\n\t\t<\/div>\n\t<\/div>\n<\/div><\/div><\/div><\/div><div class=\"vc_row wpb_row vc_row-fluid dt-default\" style=\"margin-top: 33px;margin-bottom: 33px\"><div class=\"wpb_column vc_column_container vc_col-sm-12\"><div class=\"vc_column-inner\"><div class=\"wpb_wrapper\"><section class=\"vc_cta3-container\"><div class=\"vc_general vc_do_cta3 vc_cta3 call vc_cta3-style-classic vc_cta3-shape-rounded vc_cta3-align-left vc_cta3-color-white vc_cta3-icon-size-md vc_cta3-icons-left vc_cta3-actions-right  wpb_animate_when_almost_visible wpb_fadeInUp fadeInUp vc_custom_1589746601969\"><div class=\"vc_cta3-icons\"><div class=\"vc_icon_element vc_icon_element-outer vc_do_icon vc_icon_element-align-left\"><div class=\"vc_icon_element-inner vc_icon_element-color-white vc_icon_element-size-md vc_icon_element-style- vc_icon_element-background-color-grey\" ><span class=\"vc_icon_element-icon fas fa-pen-alt\" ><\/span><\/div><\/div><\/div><div class=\"vc_cta3_content-container\"><div class=\"vc_cta3-content\"><header class=\"vc_cta3-content-header\"><h2>Funding<\/h2><h4>Santander Bank<\/h4><\/header><\/div><div class=\"vc_cta3-actions\"><div class=\"vc_btn3-container vc_btn3-right\" ><a class=\"vc_general vc_btn3 vc_btn3-size-sm vc_btn3-shape-round vc_btn3-style-outline vc_btn3-block vc_btn3-icon-right vc_btn3-color-white\" href=\"https:\/\/claudiavargasodontologia.com\/en\/contact-2\/\" title=\"Contact\">Here <i class=\"vc_btn3-icon fas fa-angle-right\"><\/i><\/a><\/div><\/div><\/div><\/div><\/section><\/div><\/div><\/div><\/div><div class=\"vc_row wpb_row vc_row-fluid vc_custom_1646421985526\"><div class=\"wpb_column vc_column_container vc_col-sm-12\"><div class=\"vc_column-inner\"><div class=\"wpb_wrapper\"><div class=\"vc_message_box vc_message_box-standard vc_message_box-rounded vc_color-info\" ><div class=\"vc_message_box-icon\"><i class=\"fa fa-solid fa-circle-info\"><\/i><\/div><p>Of course, if you have any doubts, please contact us at <a href=\"https:\/\/claudiavargasodontologia.com\/en\/contact-2\/\">contact<\/a> We can also do more research. You can also do further research; for example, you can look at what <a href=\"https:\/\/es.wikipedia.org\/wiki\/Odontolog%C3%ADa_est%C3%A9tica\" target=\"_blank\" rel=\"noopener\">wikipedia<\/a> means aesthetic dentistry.<\/p>\n<\/div><\/div><\/div><\/div><\/div><div class=\"vc_row wpb_row vc_row-fluid dt-default\" style=\"margin-top: 0px;margin-bottom: 0px\"><div class=\"wpb_column vc_column_container vc_col-sm-12\"><div class=\"vc_column-inner\"><div class=\"wpb_wrapper\"><div class=\"fb_like wpb_content_element fb_type_standard\" ><iframe src=\"https:\/\/www.facebook.com\/plugins\/like.php?href=https:\/\/claudiavargasodontologia.com\/en\/services-2\/aesthetic-dentistry\/&amp;layout=standard&amp;show_faces=false&amp;action=like&amp;colorscheme=light\" scrolling=\"no\" frameborder=\"0\" allowtransparency=\"true\"><\/iframe><\/div><\/div><\/div><\/div><\/div>\n<\/div>","protected":false},"excerpt":{"rendered":"<p>Principales Beneficios de la Odontolog\u00eda Est\u00e9tica En la Odontolog\u00eda Est\u00e9tica, tu sonrisa es el reflejo de la salud y la belleza en armon\u00eda. La Odontolog\u00eda Est\u00e9tica va m\u00e1s all\u00e1 de simples correcciones dentales. Se enfoca en realzar la belleza intr\u00ednseca de cada sonrisa, garantizando que cualquier imperfecci\u00f3n sea tratada con precisi\u00f3n y arte. Esta disciplina&hellip;<\/p>","protected":false},"author":1,"featured_media":38751,"parent":1072,"menu_order":0,"comment_status":"closed","ping_status":"closed","template":"","meta":{"_joinchat":[],"footnotes":""},"class_list":["post-41359","page","type-page","status-publish","has-post-thumbnail","hentry","description-off"],"_links":{"self":[{"href":"https:\/\/claudiavargasodontologia.com\/en\/wp-json\/wp\/v2\/pages\/41359","targetHints":{"allow":["GET"]}}],"collection":[{"href":"https:\/\/claudiavargasodontologia.com\/en\/wp-json\/wp\/v2\/pages"}],"about":[{"href":"https:\/\/claudiavargasodontologia.com\/en\/wp-json\/wp\/v2\/types\/page"}],"author":[{"embeddable":true,"href":"https:\/\/claudiavargasodontologia.com\/en\/wp-json\/wp\/v2\/users\/1"}],"replies":[{"embeddable":true,"href":"https:\/\/claudiavargasodontologia.com\/en\/wp-json\/wp\/v2\/comments?post=41359"}],"version-history":[{"count":0,"href":"https:\/\/claudiavargasodontologia.com\/en\/wp-json\/wp\/v2\/pages\/41359\/revisions"}],"up":[{"embeddable":true,"href":"https:\/\/claudiavargasodontologia.com\/en\/wp-json\/wp\/v2\/pages\/1072"}],"wp:featuredmedia":[{"embeddable":true,"href":"https:\/\/claudiavargasodontologia.com\/en\/wp-json\/wp\/v2\/media\/38751"}],"wp:attachment":[{"href":"https:\/\/claudiavargasodontologia.com\/en\/wp-json\/wp\/v2\/media?parent=41359"}],"curies":[{"name":"wp","href":"https:\/\/api.w.org\/{rel}","templated":true}]}}