{"id":41420,"date":"2023-09-06T16:33:33","date_gmt":"2023-09-06T15:33:33","guid":{"rendered":"https:\/\/claudiavargasodontologia.com\/?page_id=41420"},"modified":"2025-11-09T16:43:20","modified_gmt":"2025-11-09T15:43:20","slug":"dental-surgery","status":"publish","type":"page","link":"https:\/\/claudiavargasodontologia.com\/en\/services-2\/dental-surgery\/","title":{"rendered":"Dental Surgery"},"content":{"rendered":"<div class=\"wpb-content-wrapper\"><div class=\"vc_row wpb_row vc_row-fluid\"><div class=\"wpb_column vc_column_container vc_col-sm-12\"><div class=\"vc_column-inner vc_custom_1589451976061\"><div class=\"wpb_wrapper\">\n\t<div class=\"wpb_text_column wpb_content_element  textoprincipal\" >\n\t\t<div class=\"wpb_wrapper\">\n\t\t\t<h2 class=\"accent-border-color accent-title-color sice-title\">Dental Surgery Experts<\/h2>\n<h3>Do you need dental surgery? Trust our highly qualified specialists.<\/h3>\n<p><strong>Dr. Claudia Vargas is an expert in dental surgery. Her deep knowledge in anatomy and medicine guarantees quick and practically painless interventions, achieving optimal results and a post-operative period without complications.<\/strong><\/p>\n<p>At Cl\u00ednica Dental Dr. Claudia Vargas Dal Santo we can give you an accurate diagnosis of where your teeth are and whether or not you have caries,\u00a0<a href=\"https:\/\/claudiavargasodontologia.com\/en\/contact-2\/\">make an appointment<\/a>\u00a0for a check-up of the state of your teeth.<\/p>\n\n\t\t<\/div>\n\t<\/div>\n<\/div><\/div><\/div><\/div><div style=\"min-height: 33px\" class=\"vc_row wpb_row vc_row-fluid cta ctapeq wpb_animate_when_almost_visible wpb_bounceIn bounceIn vc_custom_1722365338070 vc_row-o-content-middle vc_row-flex\"><div class=\"wpb_column vc_column_container vc_col-sm-8\"><div class=\"vc_column-inner\"><div class=\"wpb_wrapper\"><div id=\"ultimate-heading-81369de4c8ad0fb5\" class=\"uvc-heading ult-adjust-bottom-margin ultimate-heading-81369de4c8ad0fb5 uvc-2923\" data-hspacer=\"no_spacer\"  data-halign=\"left\" style=\"text-align:left\"><div class=\"uvc-heading-spacer no_spacer\" style=\"top\"><\/div><div class=\"uvc-main-heading ult-responsive\"  data-ultimate-target='.uvc-heading.ultimate-heading-81369de4c8ad0fb5 h2'  data-responsive-json-new='{\"font-size\":\"desktop:55px;\",\"line-height\":\"desktop:58px;\"}' ><h2 style=\"font-weight:bold;color:#ffffff;margin-top:10px;margin-bottom:20px;\">Save your smile!<\/h2><\/div><div class=\"uvc-sub-heading ult-responsive\"  data-ultimate-target='.uvc-heading.ultimate-heading-81369de4c8ad0fb5 .uvc-sub-heading '  data-responsive-json-new='{\"font-size\":\"desktop:30px;\",\"line-height\":\"desktop:33px;\"}'  style=\"font-weight:normal;color:#ffffff;margin-top:10px;margin-bottom:10px;\">Make an appointment and get a new smile.<\/div><\/div><\/div><\/div><\/div><div class=\"wpb_column vc_column_container vc_col-sm-4\"><div class=\"vc_column-inner\"><div class=\"wpb_wrapper\"><div class=\"vc_row wpb_row vc_inner vc_row-fluid vc_custom_1722365159768\"><div class=\"wpb_column vc_column_container vc_col-sm-12\"><div class=\"vc_column-inner\"><div class=\"wpb_wrapper\"><div class=\"vc_btn3-container vc_btn3-right vc_custom_1722365202634\" ><a class=\"vc_general vc_btn3 vc_btn3-size-lg vc_btn3-shape-round vc_btn3-style-classic vc_btn3-icon-left vc_btn3-color-green\" href=\"https:\/\/wa.me\/34608756685?text=pedir%20cita\" title=\"WhatsApp\" target=\"_blank\" rel=\"noopener\"><i class=\"vc_btn3-icon fab fa-whatsapp\"><\/i> WhatsApp<\/a><\/div><\/div><\/div><\/div><\/div><div class=\"vc_row wpb_row vc_inner vc_row-fluid\"><div class=\"wpb_column vc_column_container vc_col-sm-12\"><div class=\"vc_column-inner\"><div class=\"wpb_wrapper\"><div class=\"vc_btn3-container vc_btn3-right\" ><a class=\"vc_general vc_btn3 vc_btn3-size-lg vc_btn3-shape-round vc_btn3-style-classic vc_btn3-icon-left vc_btn3-color-peacoc\" href=\"tel:+34608756685\" title=\"Call us\" target=\"_blank\"><i class=\"vc_btn3-icon fas fa-phone-alt\"><\/i> Call us<\/a><\/div><\/div><\/div><\/div><\/div><\/div><\/div><\/div><\/div><!-- Row Backgrounds --><div class=\"upb_color\" data-bg-override=\"0\" data-bg-color=\"#2fcfde\" data-fadeout=\"\" data-fadeout-percentage=\"30\" data-parallax-content=\"\" data-parallax-content-sense=\"30\" data-row-effect-mobile-disable=\"true\" data-img-parallax-mobile-disable=\"true\" data-rtl=\"false\"  data-custom-vc-row=\"\"  data-vc=\"8.7.2\"  data-is_old_vc=\"\"  data-theme-support=\"\"   data-overlay=\"false\" data-overlay-color=\"\" data-overlay-pattern=\"\" data-overlay-pattern-opacity=\"\" data-overlay-pattern-size=\"\"    ><\/div><div class=\"vc_row wpb_row vc_row-fluid vc_row-o-content-top vc_row-flex\"><div class=\"wpb_column vc_column_container vc_col-sm-4\"><div class=\"vc_column-inner\"><div class=\"wpb_wrapper\">\n\t<div  class=\"wpb_single_image wpb_content_element vc_align_center  vc_custom_1694106584717\">\n\t\t\n\t\t<figure class=\"wpb_wrapper vc_figure\">\n\t\t\t<div class=\"vc_single_image-wrapper vc_box_shadow_3d  vc_box_border_grey\"><img decoding=\"async\" class=\"vc_single_image-img\" src=\"https:\/\/claudiavargasodontologia.com\/wp-content\/uploads\/2020\/05\/exodoncias-01-250x250.jpg\" width=\"250\" height=\"250\" alt=\"Dental Surgery\" title=\"Dental Surgery\" loading=\"lazy\"  data-dt-location=\"https:\/\/claudiavargasodontologia.com\/en\/exodoncias-01\/\" \/><\/div>\n\t\t<\/figure>\n\t<\/div>\n<\/div><\/div><\/div><div class=\"wpb_column vc_column_container vc_col-sm-8\"><div class=\"vc_column-inner\"><div class=\"wpb_wrapper\">\n\t<div class=\"wpb_text_column wpb_content_element  textoprincipal\" >\n\t\t<div class=\"wpb_wrapper\">\n\t\t\t<h2 class=\"accent-border-color accent-title-color sice-title\">Extractions<\/h2>\n<p><strong>Exodontics is the term used in dentistry to refer to the extraction of teeth, whether for decay, infection, trauma or orthodontic reasons. <\/strong><\/p>\n<p>Unfortunately, it is one of the procedures routinely performed in the practice.<\/p>\n<p>Today, they are performed painlessly thanks to advances in anaesthesia techniques.<\/p>\n<p>Depending on the complexity of the case, the surgeon may choose to perform a simple exodontia or a flap exodontia.<\/p>\n\n\t\t<\/div>\n\t<\/div>\n<div class=\"standard-arrow list-divider bullet-top\"><ul>\n<li>Simple extraction: As the name suggests, these extractions are carried out in a simple manner. After anaesthetising the area, special instruments called forceps and elevators are used to loosen the tooth so that it can be extracted.<\/li>\n<li>Flap extraction: Sometimes, the tooth to be extracted is very weakened or has little remaining tooth structure due to <a class=\"wpil_keyword_link\" title=\"caries\" href=\"https:\/\/claudiavargasodontologia.com\/en\/services-2\/caries\/\" data-wpil-keyword-link=\"linked\">caries<\/a> or fractures. In these situations, it is necessary to make a flap, which consists of making an incision in the gum to achieve better access and a better support point on the tooth.<\/li>\n<li>This type of surgery is also used to remove wisdom teeth that are retained in the bone or have failed to erupt completely.<\/li>\n<\/ul>\n<\/div><\/div><\/div><\/div><\/div><div class=\"vc_row wpb_row vc_row-fluid vc_custom_1694106286571 vc_row-o-content-top vc_row-flex\"><div class=\"wpb_column vc_column_container vc_col-sm-12\"><div class=\"vc_column-inner\"><div class=\"wpb_wrapper\"><div class=\"vc_separator wpb_content_element vc_separator_align_center vc_sep_width_100 vc_sep_border_width_3 vc_sep_pos_align_center vc_separator_no_text vc_custom_1637916761738 wpb_content_element  vc_custom_1637916761738 wpb_content_element\" ><span class=\"vc_sep_holder vc_sep_holder_l\"><span style=\"border-color:#2fcfde;\" class=\"vc_sep_line\"><\/span><\/span><span class=\"vc_sep_holder vc_sep_holder_r\"><span style=\"border-color:#2fcfde;\" class=\"vc_sep_line\"><\/span><\/span>\n<\/div><\/div><\/div><\/div><div class=\"wpb_column vc_column_container vc_col-sm-4\"><div class=\"vc_column-inner\"><div class=\"wpb_wrapper\">\n\t<div  class=\"wpb_single_image wpb_content_element vc_align_center  vc_custom_1694106328746\">\n\t\t\n\t\t<figure class=\"wpb_wrapper vc_figure\">\n\t\t\t<div class=\"vc_single_image-wrapper vc_box_shadow_3d  vc_box_border_grey\"><img decoding=\"async\" class=\"vc_single_image-img\" src=\"https:\/\/claudiavargasodontologia.com\/wp-content\/uploads\/2020\/05\/Cirugia-regenerativa-250x250.jpg\" width=\"250\" height=\"250\" alt=\"Dental Surgery\" title=\"Dental Surgery\" loading=\"lazy\"  data-dt-location=\"https:\/\/claudiavargasodontologia.com\/en\/cirugia-regenerativa\/\" \/><\/div>\n\t\t<\/figure>\n\t<\/div>\n<\/div><\/div><\/div><div class=\"wpb_column vc_column_container vc_col-sm-8\"><div class=\"vc_column-inner\"><div class=\"wpb_wrapper\">\n\t<div class=\"wpb_text_column wpb_content_element  textoprincipal\" >\n\t\t<div class=\"wpb_wrapper\">\n\t\t\t<h2 class=\"accent-border-color accent-title-color sice-title\">Regenerative surgeries<\/h2>\n<p><strong>This type of procedure aims to restore the lost bone in order to be able to perform oral rehabilitation.<\/strong><\/p>\n<p>When tooth loss occurs, the body's natural reaction is a process of bone resorption. This results in a bone with uneven edges that can prevent the correct making of a denture or the fitting of a denture. <a class=\"wpil_keyword_link\" title=\"dental implants\" href=\"https:\/\/claudiavargasodontologia.com\/en\/services-2\/dental-implants-2\/\" data-wpil-keyword-link=\"linked\">dental implants<\/a>.<\/p>\n<p>On the one hand, bone is incapable of regenerating completely and returning to its original state on its own. However, we have different surgical techniques and biomaterials that help to return the bone to an optimal state for rehabilitation.<\/p>\n<p>These include bone grafting, which consists of placing healthy bone in the defect area, or the use of PRP (platelet-rich plasma) after surgery to improve the quality of bone and gum regeneration.<\/p>\n\n\t\t<\/div>\n\t<\/div>\n<\/div><\/div><\/div><\/div><div class=\"vc_row wpb_row vc_row-fluid vc_custom_1694106294688 vc_row-o-content-top vc_row-flex\"><div class=\"wpb_column vc_column_container vc_col-sm-12\"><div class=\"vc_column-inner\"><div class=\"wpb_wrapper\"><div class=\"vc_separator wpb_content_element vc_separator_align_center vc_sep_width_100 vc_sep_border_width_3 vc_sep_pos_align_center vc_separator_no_text vc_custom_1637916761738 wpb_content_element  vc_custom_1637916761738 wpb_content_element\" ><span class=\"vc_sep_holder vc_sep_holder_l\"><span style=\"border-color:#2fcfde;\" class=\"vc_sep_line\"><\/span><\/span><span class=\"vc_sep_holder vc_sep_holder_r\"><span style=\"border-color:#2fcfde;\" class=\"vc_sep_line\"><\/span><\/span>\n<\/div><\/div><\/div><\/div><div class=\"wpb_column vc_column_container vc_col-sm-4\"><div class=\"vc_column-inner\"><div class=\"wpb_wrapper\">\n\t<div  class=\"wpb_single_image wpb_content_element vc_align_center  vc_custom_1694106316274\">\n\t\t\n\t\t<figure class=\"wpb_wrapper vc_figure\">\n\t\t\t<div class=\"vc_single_image-wrapper vc_box_shadow_3d  vc_box_border_grey\"><img decoding=\"async\" class=\"vc_single_image-img\" src=\"https:\/\/claudiavargasodontologia.com\/wp-content\/uploads\/2020\/05\/cirugia-mucogingival-250x250.jpg\" width=\"250\" height=\"250\" alt=\"Dental Surgery\" title=\"Dental Surgery\" loading=\"lazy\"  data-dt-location=\"https:\/\/claudiavargasodontologia.com\/en\/cirugia-mucogingival\/\" \/><\/div>\n\t\t<\/figure>\n\t<\/div>\n<\/div><\/div><\/div><div class=\"wpb_column vc_column_container vc_col-sm-8\"><div class=\"vc_column-inner\"><div class=\"wpb_wrapper\">\n\t<div class=\"wpb_text_column wpb_content_element  justify\" >\n\t\t<div class=\"wpb_wrapper\">\n\t\t\t<h2 class=\"accent-border-color accent-title-color sice-title\">Mucogingival surgery<\/h2>\n<p><strong>These surgical procedures are aimed at correcting defects in the gums and soft tissues surrounding the tooth.<\/strong><\/p>\n<p>One of the most common alterations are gingival recessions. In this type of lesion, the gum recedes and causes root exposure, creating an aesthetic defect which, in turn, can cause tooth sensitivity.<\/p>\n<p>Fortunately, we have different surgical techniques to treat these types of lesions and help restore the gum to its ideal position. We also use hyaluronic acid to rejuvenate the gums and treat anatomical defects.<\/p>\n<p>In addition to recessions, another recurring condition is the gummy smile, in which a large amount of gum is visible over the teeth when smiling. This defect can be solved by a procedure called gingivoplasty.<\/p>\n<p>In this procedure, the excess gum covering the neck of the tooth is removed to give them a longer and more aesthetically pleasing appearance.<\/p>\n<p>Gingivoplasty can be performed by the traditional method, using a scalpel, or by alternative methods such as laser or electroscalpel.<\/p>\n<p>No matter what type of surgery you need, schedule your appointment today, and you can rest assured that you won't feel any discomfort.<\/p>\n\n\t\t<\/div>\n\t<\/div>\n<\/div><\/div><\/div><\/div><div class=\"vc_row wpb_row vc_row-fluid dt-default\" style=\"margin-top: 33px;margin-bottom: 33px\"><div class=\"wpb_column vc_column_container vc_col-sm-12\"><div class=\"vc_column-inner\"><div class=\"wpb_wrapper\"><section class=\"vc_cta3-container\"><div class=\"vc_general vc_do_cta3 vc_cta3 call vc_cta3-style-classic vc_cta3-shape-rounded vc_cta3-align-left vc_cta3-color-white vc_cta3-icon-size-md vc_cta3-icons-left vc_cta3-actions-right  wpb_animate_when_almost_visible wpb_fadeInUp fadeInUp vc_custom_1589746601969\"><div class=\"vc_cta3-icons\"><div class=\"vc_icon_element vc_icon_element-outer vc_do_icon vc_icon_element-align-left\"><div class=\"vc_icon_element-inner vc_icon_element-color-white vc_icon_element-size-md vc_icon_element-style- vc_icon_element-background-color-grey\" ><span class=\"vc_icon_element-icon fas fa-pen-alt\" ><\/span><\/div><\/div><\/div><div class=\"vc_cta3_content-container\"><div class=\"vc_cta3-content\"><header class=\"vc_cta3-content-header\"><h2>Funding<\/h2><h4>Santander Bank<\/h4><\/header><\/div><div class=\"vc_cta3-actions\"><div class=\"vc_btn3-container vc_btn3-right\" ><a class=\"vc_general vc_btn3 vc_btn3-size-sm vc_btn3-shape-round vc_btn3-style-outline vc_btn3-block vc_btn3-icon-right vc_btn3-color-white\" href=\"https:\/\/claudiavargasodontologia.com\/en\/contact-2\/\" title=\"Contact\">Here <i class=\"vc_btn3-icon fas fa-angle-right\"><\/i><\/a><\/div><\/div><\/div><\/div><\/section><\/div><\/div><\/div><\/div><div class=\"vc_row wpb_row vc_row-fluid vc_custom_1646422155226\"><div class=\"wpb_column vc_column_container vc_col-sm-12\"><div class=\"vc_column-inner\"><div class=\"wpb_wrapper\"><div class=\"vc_message_box vc_message_box-standard vc_message_box-rounded vc_color-info\" ><div class=\"vc_message_box-icon\"><i class=\"fa fa-solid fa-circle-info\"><\/i><\/div><p>If you have any questions or want to know more about oral and maxillofacial surgery, please contact us or you can also continue your research, for example at <a href=\"https:\/\/es.wikipedia.org\/wiki\/Cirug%C3%ADa_oral_y_maxilofacial\" target=\"_blank\" rel=\"noopener\">wikipedia<\/a>.<\/p>\n<\/div><\/div><\/div><\/div><\/div><div class=\"vc_row wpb_row vc_row-fluid dt-default\" style=\"margin-top: 0px;margin-bottom: 0px\"><div class=\"wpb_column vc_column_container vc_col-sm-12\"><div class=\"vc_column-inner\"><div class=\"wpb_wrapper\"><div class=\"fb_like wpb_content_element fb_type_standard\" ><iframe src=\"https:\/\/www.facebook.com\/plugins\/like.php?href=https:\/\/claudiavargasodontologia.com\/en\/services-2\/dental-surgery\/&amp;layout=standard&amp;show_faces=false&amp;action=like&amp;colorscheme=light\" scrolling=\"no\" frameborder=\"0\" allowtransparency=\"true\"><\/iframe><\/div><\/div><\/div><\/div><\/div>\n<\/div>","protected":false},"excerpt":{"rendered":"<p>Expertos en Cirug\u00eda Dental. Conf\u00eda en nuestros especialistas altamente calificados para tus necesidades de cirug\u00eda dental. \u00a1La Dra. Claudia Vargas te brindar\u00e1 una experiencia excepcional!<\/p>","protected":false},"author":1,"featured_media":39176,"parent":1072,"menu_order":0,"comment_status":"closed","ping_status":"closed","template":"","meta":{"_joinchat":[],"footnotes":""},"class_list":["post-41420","page","type-page","status-publish","has-post-thumbnail","hentry","description-off"],"_links":{"self":[{"href":"https:\/\/claudiavargasodontologia.com\/en\/wp-json\/wp\/v2\/pages\/41420","targetHints":{"allow":["GET"]}}],"collection":[{"href":"https:\/\/claudiavargasodontologia.com\/en\/wp-json\/wp\/v2\/pages"}],"about":[{"href":"https:\/\/claudiavargasodontologia.com\/en\/wp-json\/wp\/v2\/types\/page"}],"author":[{"embeddable":true,"href":"https:\/\/claudiavargasodontologia.com\/en\/wp-json\/wp\/v2\/users\/1"}],"replies":[{"embeddable":true,"href":"https:\/\/claudiavargasodontologia.com\/en\/wp-json\/wp\/v2\/comments?post=41420"}],"version-history":[{"count":0,"href":"https:\/\/claudiavargasodontologia.com\/en\/wp-json\/wp\/v2\/pages\/41420\/revisions"}],"up":[{"embeddable":true,"href":"https:\/\/claudiavargasodontologia.com\/en\/wp-json\/wp\/v2\/pages\/1072"}],"wp:featuredmedia":[{"embeddable":true,"href":"https:\/\/claudiavargasodontologia.com\/en\/wp-json\/wp\/v2\/media\/39176"}],"wp:attachment":[{"href":"https:\/\/claudiavargasodontologia.com\/en\/wp-json\/wp\/v2\/media?parent=41420"}],"curies":[{"name":"wp","href":"https:\/\/api.w.org\/{rel}","templated":true}]}}